{"id":36,"date":"2015-10-22T05:45:07","date_gmt":"2015-10-22T05:45:07","guid":{"rendered":"http:\/\/xml-io.proteusthemes.com\/structurepress\/?page_id=36"},"modified":"2022-07-20T09:37:31","modified_gmt":"2022-07-20T08:37:31","slug":"about","status":"publish","type":"page","link":"http:\/\/www.b-a-bois.com\/index.php\/about\/","title":{"rendered":"Notre soci\u00e9t\u00e9"},"content":{"rendered":"<div id=\"pl-36\"  class=\"panel-layout\" ><div id=\"pg-36-0\"  class=\"panel-grid panel-no-style\" ><div id=\"pgc-36-0-0\"  class=\"panel-grid-cell\" ><div id=\"panel-36-0-0-0\" class=\"so-panel widget widget_sow-editor panel-first-child panel-last-child\" data-index=\"0\" ><div\n\t\t\t\n\t\t\tclass=\"so-widget-sow-editor so-widget-sow-editor-base\"\n\t\t\t\n\t\t>\n<div class=\"siteorigin-widget-tinymce textwidget\">\n\t<p><strong>B \u00e0 bois, une coop\u00e9rative \u00e0 Quimper, dans le Finist\u00e8re<\/strong><\/p>\n<p><strong>B \u00e0 bois<\/strong>\u00a0est sp\u00e9cialis\u00e9e dans les travaux de charpente et maisons ossature bois.\u00a0Nous r\u00e9alisons la construction de votre charpente traditionnelle ou type fermette, ainsi que vos projets de bardage, ITE isolation par l'ext\u00e9rieur, terrasses, carports, auvents, ou tous projets de structures bois. Vous pouvez \u00e9galement compter sur nos comp\u00e9tences pour la r\u00e9alisation de votre maison ossature bois ou extension, \u00e0 Quimper et dans le Finist\u00e8re.<\/p>\n<p><strong>Une SCOP, plus qu'un statut, une philosophie<\/strong><\/p>\n<p>Au-del\u00e0 d'un simple statut juridique, la coop\u00e9rative repr\u00e9sente l'essence m\u00eame du projet d'entreprise des cr\u00e9ateurs de <strong>B\u00a0\u00e0 bois.<\/strong><br \/>Elle permet une meilleure implication de chacun, un plus grand soin dans le traitement des chantiers, une plus grande r\u00e9activit\u00e9 et capacit\u00e9 d'adaptation, guid\u00e9s par une communaut\u00e9 d'int\u00e9r\u00eats.<\/p>\n<p><strong>Une exp\u00e9rience au service de vos projets<\/strong><\/p>\n<p>L'exp\u00e9rience et le savoir-faire de notre \u00e9quipe, l'organisation de nos chantiers, en collaboration avec nos partenaires architectes, maitres d'oeuvre, bureau d'\u00e9tude, fournisseurs, permettent de vous garantir les meilleures prestations.\u00a0\u00a0<\/p>\n<p>Nous vous accompagnons dans la r\u00e9alisation de vos projets.<\/p>\n<p><strong>Demande de renseignements et devis gratuit au 02 29 20 59 98 ou contact@b-a-bois.com\u00a0<\/strong><\/p>\n<\/div>\n<\/div><\/div><\/div><div id=\"pgc-36-0-1\"  class=\"panel-grid-cell\" ><div id=\"panel-36-0-1-0\" class=\"so-panel widget widget_sow-image panel-first-child panel-last-child\" data-index=\"1\" ><div\n\t\t\t\n\t\t\tclass=\"so-widget-sow-image so-widget-sow-image-default-d6014b76747a-36\"\n\t\t\t\n\t\t>\n\n<div class=\"sow-image-container\">\n\t\t<img src=\"http:\/\/www.b-a-bois.com\/wp-content\/uploads\/2016\/11\/b-a-bois-quimper.jpg\" width=\"300\" height=\"400\" srcset=\"http:\/\/www.b-a-bois.com\/wp-content\/uploads\/2016\/11\/b-a-bois-quimper.jpg 300w, http:\/\/www.b-a-bois.com\/wp-content\/uploads\/2016\/11\/b-a-bois-quimper-225x300.jpg 225w\" sizes=\"(max-width: 300px) 100vw, 300px\" alt=\"\" loading=\"lazy\" \t\tclass=\"so-widget-image\"\/>\n\t<\/div>\n\n<\/div><\/div><\/div><\/div><div id=\"pg-36-1\"  class=\"panel-grid panel-no-style\" ><div id=\"pgc-36-1-0\"  class=\"panel-grid-cell\" ><div id=\"panel-36-1-0-0\" class=\"so-panel widget widget_pw_person_profile widget-person-profile panel-first-child panel-last-child\" data-index=\"2\" >\n\t<div class=\"card  person-profile\">\n\t\t\t\t<img class=\"person-profile__image  wp-post-image\" src=\"http:\/\/www.b-a-bois.com\/wp-content\/uploads\/2016\/10\/wood-face.jpg\" alt=\"Image de Gwendal Gourmelon\">\n\t\t\t\t<div class=\"card-block  person-profile__container\">\n\t\t\t\t\t\t\t<div class=\"person-profile__social-icons\">\n\t\t\t\t\t\t\t\t\t\t\t<a class=\"person-profile__social-icon\" href=\"https:\/\/www.facebook.com\/B-%C3%A0-bois-207135653042018\/\" target=\"_blank\"><i class=\"fa  fa-facebook-square\"><\/i><\/a>\n\t\t\t\t\t\t\t\t\t<\/div>\n\t\t\t\t\t\t<div class=\"person-profile__content\">\n\t\t\t\t\t\t\t\t\t<span class=\"person-profile__tag\">Charpentier<\/span>\n\t\t\t\t\t\t\t\t<h4 class=\"card-title  person-profile__name\">Gwendal Gourmelon<\/h4>\n\t\t\t\t<p class=\"card-text  person-profile__description\">Originaire de Caen, charpentier depuis plus de 10 ans.<\/p>\n\t\t\t<\/div>\n\t\t<\/div>\n\t<\/div>\n\n<\/div><\/div><div id=\"pgc-36-1-1\"  class=\"panel-grid-cell panel-grid-cell-mobile-last\" ><div id=\"panel-36-1-1-0\" class=\"so-panel widget widget_pw_person_profile widget-person-profile panel-first-child panel-last-child\" data-index=\"3\" >\n\t<div class=\"card  person-profile\">\n\t\t\t\t<img class=\"person-profile__image  wp-post-image\" src=\"http:\/\/www.b-a-bois.com\/wp-content\/uploads\/2016\/10\/wood-face.jpg\" alt=\"Image de Camille Le Duc\">\n\t\t\t\t<div class=\"card-block  person-profile__container\">\n\t\t\t\t\t\t\t<div class=\"person-profile__social-icons\">\n\t\t\t\t\t\t\t\t\t\t\t<a class=\"person-profile__social-icon\" href=\"https:\/\/www.facebook.com\/B-%C3%A0-bois-207135653042018\/\" target=\"_blank\"><i class=\"fa  fa-facebook-square\"><\/i><\/a>\n\t\t\t\t\t\t\t\t\t<\/div>\n\t\t\t\t\t\t<div class=\"person-profile__content\">\n\t\t\t\t\t\t\t\t\t<span class=\"person-profile__tag\">Charpentier<\/span>\n\t\t\t\t\t\t\t\t<h4 class=\"card-title  person-profile__name\">Camille Le Duc<\/h4>\n\t\t\t\t<p class=\"card-text  person-profile__description\">Originaire de Quimper, charpentier depuis plus de dix ans.<\/p>\n\t\t\t<\/div>\n\t\t<\/div>\n\t<\/div>\n\n<\/div><\/div><div id=\"pgc-36-1-2\"  class=\"panel-grid-cell panel-grid-cell-empty\" ><\/div><\/div><\/div>","protected":false},"excerpt":{"rendered":"<p>B \u00e0 bois, une coop\u00e9rative \u00e0 Quimper, dans le Finist\u00e8reB \u00e0 bois\u00a0est sp\u00e9cialis\u00e9e dans les travaux de charpente et maisons ossature bois.\u00a0Nous r\u00e9alisons la construction de votre charpente traditionnelle ou type fermette, ainsi que vos projets de bardage, ITE isolation par l&rsquo;ext\u00e9rieur, terrasses, carports, auvents, ou tous projets de structures bois. Vous pouvez \u00e9galement compter &hellip;<\/p>\n","protected":false},"author":1,"featured_media":0,"parent":0,"menu_order":0,"comment_status":"closed","ping_status":"closed","template":"","meta":[],"acf":[],"yoast_head":"<!-- This site is optimized with the Yoast SEO plugin v20.1 - https:\/\/yoast.com\/wordpress\/plugins\/seo\/ -->\n<title>Notre soci\u00e9t\u00e9 - B \u00e0 bois<\/title>\n<meta name=\"robots\" content=\"index, follow, max-snippet:-1, max-image-preview:large, max-video-preview:-1\" \/>\n<link rel=\"canonical\" href=\"http:\/\/www.b-a-bois.com\/index.php\/about\/\" \/>\n<meta property=\"og:locale\" content=\"fr_FR\" \/>\n<meta property=\"og:type\" content=\"article\" \/>\n<meta property=\"og:title\" content=\"Notre soci\u00e9t\u00e9 - B \u00e0 bois\" \/>\n<meta property=\"og:description\" content=\"B \u00e0 bois, une coop\u00e9rative \u00e0 Quimper, dans le Finist\u00e8reB \u00e0 bois\u00a0est sp\u00e9cialis\u00e9e dans les travaux de charpente et maisons ossature bois.\u00a0Nous r\u00e9alisons la construction de votre charpente traditionnelle ou type fermette, ainsi que vos projets de bardage, ITE isolation par l&#039;ext\u00e9rieur, terrasses, carports, auvents, ou tous projets de structures bois. Vous pouvez \u00e9galement compter &hellip;\" \/>\n<meta property=\"og:url\" content=\"http:\/\/www.b-a-bois.com\/index.php\/about\/\" \/>\n<meta property=\"og:site_name\" content=\"B \u00e0 bois\" \/>\n<meta property=\"article:publisher\" content=\"https:\/\/www.facebook.com\/B-%c3%a0-bois-207135653042018\/\" \/>\n<meta property=\"article:modified_time\" content=\"2022-07-20T08:37:31+00:00\" \/>\n<meta name=\"twitter:card\" content=\"summary_large_image\" \/>\n<meta name=\"twitter:label1\" content=\"Dur\u00e9e de lecture estim\u00e9e\" \/>\n\t<meta name=\"twitter:data1\" content=\"1 minute\" \/>\n<script type=\"application\/ld+json\" class=\"yoast-schema-graph\">{\"@context\":\"https:\/\/schema.org\",\"@graph\":[{\"@type\":\"WebPage\",\"@id\":\"http:\/\/www.b-a-bois.com\/index.php\/about\/\",\"url\":\"http:\/\/www.b-a-bois.com\/index.php\/about\/\",\"name\":\"Notre soci\u00e9t\u00e9 - B \u00e0 bois\",\"isPartOf\":{\"@id\":\"https:\/\/www.b-a-bois.com\/#website\"},\"datePublished\":\"2015-10-22T05:45:07+00:00\",\"dateModified\":\"2022-07-20T08:37:31+00:00\",\"breadcrumb\":{\"@id\":\"http:\/\/www.b-a-bois.com\/index.php\/about\/#breadcrumb\"},\"inLanguage\":\"fr-FR\",\"potentialAction\":[{\"@type\":\"ReadAction\",\"target\":[\"http:\/\/www.b-a-bois.com\/index.php\/about\/\"]}]},{\"@type\":\"BreadcrumbList\",\"@id\":\"http:\/\/www.b-a-bois.com\/index.php\/about\/#breadcrumb\",\"itemListElement\":[{\"@type\":\"ListItem\",\"position\":1,\"name\":\"Accueil\",\"item\":\"https:\/\/www.b-a-bois.com\/\"},{\"@type\":\"ListItem\",\"position\":2,\"name\":\"Notre soci\u00e9t\u00e9\"}]},{\"@type\":\"WebSite\",\"@id\":\"https:\/\/www.b-a-bois.com\/#website\",\"url\":\"https:\/\/www.b-a-bois.com\/\",\"name\":\"B \u00e0 bois\",\"description\":\"Maisons et charpentes bois, Quimper, Finist\u00e8re\",\"publisher\":{\"@id\":\"https:\/\/www.b-a-bois.com\/#organization\"},\"potentialAction\":[{\"@type\":\"SearchAction\",\"target\":{\"@type\":\"EntryPoint\",\"urlTemplate\":\"https:\/\/www.b-a-bois.com\/?s={search_term_string}\"},\"query-input\":\"required name=search_term_string\"}],\"inLanguage\":\"fr-FR\"},{\"@type\":\"Organization\",\"@id\":\"https:\/\/www.b-a-bois.com\/#organization\",\"name\":\"B \u00e0 bois\",\"url\":\"https:\/\/www.b-a-bois.com\/\",\"logo\":{\"@type\":\"ImageObject\",\"inLanguage\":\"fr-FR\",\"@id\":\"https:\/\/www.b-a-bois.com\/#\/schema\/logo\/image\/\",\"url\":\"http:\/\/www.b-a-bois.com\/wp-content\/uploads\/2016\/10\/logo-b-a-bois-250px.jpg\",\"contentUrl\":\"http:\/\/www.b-a-bois.com\/wp-content\/uploads\/2016\/10\/logo-b-a-bois-250px.jpg\",\"width\":246,\"height\":120,\"caption\":\"B \u00e0 bois\"},\"image\":{\"@id\":\"https:\/\/www.b-a-bois.com\/#\/schema\/logo\/image\/\"},\"sameAs\":[\"https:\/\/www.facebook.com\/B-\u00e0-bois-207135653042018\/\"]}]}<\/script>\n<!-- \/ Yoast SEO plugin. -->","yoast_head_json":{"title":"Notre soci\u00e9t\u00e9 - B \u00e0 bois","robots":{"index":"index","follow":"follow","max-snippet":"max-snippet:-1","max-image-preview":"max-image-preview:large","max-video-preview":"max-video-preview:-1"},"canonical":"http:\/\/www.b-a-bois.com\/index.php\/about\/","og_locale":"fr_FR","og_type":"article","og_title":"Notre soci\u00e9t\u00e9 - B \u00e0 bois","og_description":"B \u00e0 bois, une coop\u00e9rative \u00e0 Quimper, dans le Finist\u00e8reB \u00e0 bois\u00a0est sp\u00e9cialis\u00e9e dans les travaux de charpente et maisons ossature bois.\u00a0Nous r\u00e9alisons la construction de votre charpente traditionnelle ou type fermette, ainsi que vos projets de bardage, ITE isolation par l'ext\u00e9rieur, terrasses, carports, auvents, ou tous projets de structures bois. Vous pouvez \u00e9galement compter &hellip;","og_url":"http:\/\/www.b-a-bois.com\/index.php\/about\/","og_site_name":"B \u00e0 bois","article_publisher":"https:\/\/www.facebook.com\/B-%c3%a0-bois-207135653042018\/","article_modified_time":"2022-07-20T08:37:31+00:00","twitter_card":"summary_large_image","twitter_misc":{"Dur\u00e9e de lecture estim\u00e9e":"1 minute"},"schema":{"@context":"https:\/\/schema.org","@graph":[{"@type":"WebPage","@id":"http:\/\/www.b-a-bois.com\/index.php\/about\/","url":"http:\/\/www.b-a-bois.com\/index.php\/about\/","name":"Notre soci\u00e9t\u00e9 - B \u00e0 bois","isPartOf":{"@id":"https:\/\/www.b-a-bois.com\/#website"},"datePublished":"2015-10-22T05:45:07+00:00","dateModified":"2022-07-20T08:37:31+00:00","breadcrumb":{"@id":"http:\/\/www.b-a-bois.com\/index.php\/about\/#breadcrumb"},"inLanguage":"fr-FR","potentialAction":[{"@type":"ReadAction","target":["http:\/\/www.b-a-bois.com\/index.php\/about\/"]}]},{"@type":"BreadcrumbList","@id":"http:\/\/www.b-a-bois.com\/index.php\/about\/#breadcrumb","itemListElement":[{"@type":"ListItem","position":1,"name":"Accueil","item":"https:\/\/www.b-a-bois.com\/"},{"@type":"ListItem","position":2,"name":"Notre soci\u00e9t\u00e9"}]},{"@type":"WebSite","@id":"https:\/\/www.b-a-bois.com\/#website","url":"https:\/\/www.b-a-bois.com\/","name":"B \u00e0 bois","description":"Maisons et charpentes bois, Quimper, Finist\u00e8re","publisher":{"@id":"https:\/\/www.b-a-bois.com\/#organization"},"potentialAction":[{"@type":"SearchAction","target":{"@type":"EntryPoint","urlTemplate":"https:\/\/www.b-a-bois.com\/?s={search_term_string}"},"query-input":"required name=search_term_string"}],"inLanguage":"fr-FR"},{"@type":"Organization","@id":"https:\/\/www.b-a-bois.com\/#organization","name":"B \u00e0 bois","url":"https:\/\/www.b-a-bois.com\/","logo":{"@type":"ImageObject","inLanguage":"fr-FR","@id":"https:\/\/www.b-a-bois.com\/#\/schema\/logo\/image\/","url":"http:\/\/www.b-a-bois.com\/wp-content\/uploads\/2016\/10\/logo-b-a-bois-250px.jpg","contentUrl":"http:\/\/www.b-a-bois.com\/wp-content\/uploads\/2016\/10\/logo-b-a-bois-250px.jpg","width":246,"height":120,"caption":"B \u00e0 bois"},"image":{"@id":"https:\/\/www.b-a-bois.com\/#\/schema\/logo\/image\/"},"sameAs":["https:\/\/www.facebook.com\/B-\u00e0-bois-207135653042018\/"]}]}},"_links":{"self":[{"href":"http:\/\/www.b-a-bois.com\/index.php\/wp-json\/wp\/v2\/pages\/36"}],"collection":[{"href":"http:\/\/www.b-a-bois.com\/index.php\/wp-json\/wp\/v2\/pages"}],"about":[{"href":"http:\/\/www.b-a-bois.com\/index.php\/wp-json\/wp\/v2\/types\/page"}],"author":[{"embeddable":true,"href":"http:\/\/www.b-a-bois.com\/index.php\/wp-json\/wp\/v2\/users\/1"}],"replies":[{"embeddable":true,"href":"http:\/\/www.b-a-bois.com\/index.php\/wp-json\/wp\/v2\/comments?post=36"}],"version-history":[{"count":24,"href":"http:\/\/www.b-a-bois.com\/index.php\/wp-json\/wp\/v2\/pages\/36\/revisions"}],"predecessor-version":[{"id":1398,"href":"http:\/\/www.b-a-bois.com\/index.php\/wp-json\/wp\/v2\/pages\/36\/revisions\/1398"}],"wp:attachment":[{"href":"http:\/\/www.b-a-bois.com\/index.php\/wp-json\/wp\/v2\/media?parent=36"}],"curies":[{"name":"wp","href":"https:\/\/api.w.org\/{rel}","templated":true}]}}